{"id":23,"date":"2022-04-18T13:24:36","date_gmt":"2022-04-18T11:24:36","guid":{"rendered":"http:\/\/michelchoqueux.fr\/?page_id=23"},"modified":"2025-12-27T19:32:50","modified_gmt":"2025-12-27T18:32:50","slug":"accueil-atelier-michel-choqueux-sculpture","status":"publish","type":"page","link":"https:\/\/michelchoqueux.fr\/","title":{"rendered":"Accueil"},"content":{"rendered":"<div class=\"wp-block-image\">\n<figure class=\"aligncenter size-large is-resized\"><img loading=\"lazy\" decoding=\"async\" width=\"1024\" height=\"683\" src=\"http:\/\/michelchoqueux.fr\/wp-content\/uploads\/2022\/05\/SOUPE_AUX_CHOUX_5-1024x683.jpg\" alt=\"\" class=\"wp-image-133\" style=\"width:683px\" srcset=\"https:\/\/michelchoqueux.fr\/wp-content\/uploads\/2022\/05\/SOUPE_AUX_CHOUX_5-1024x683.jpg 1024w, https:\/\/michelchoqueux.fr\/wp-content\/uploads\/2022\/05\/SOUPE_AUX_CHOUX_5-300x200.jpg 300w, https:\/\/michelchoqueux.fr\/wp-content\/uploads\/2022\/05\/SOUPE_AUX_CHOUX_5-768x512.jpg 768w, https:\/\/michelchoqueux.fr\/wp-content\/uploads\/2022\/05\/SOUPE_AUX_CHOUX_5.jpg 1200w\" sizes=\"auto, (max-width: 1024px) 100vw, 1024px\" \/><\/figure>\n<\/div>\n\n\n<div style=\"height:17px\" aria-hidden=\"true\" class=\"wp-block-spacer\"><\/div>\n\n\n\n<div class=\"wp-block-group justify-text\"><div class=\"wp-block-group__inner-container is-layout-flow wp-block-group-is-layout-flow\">\n<p class=\"has-text-align-left justify-text\">Menuisier-\u00e9b\u00e9niste de p\u00e8re en fils, Michel d\u00e9bute son apprentissage dans l&rsquo;atelier de son grand-p\u00e8re, Fernand en 1964 o\u00f9 son p\u00e8re Alain avait \u00e9galement appris le m\u00e9tier.<\/p>\n\n\n\n<p class=\"has-text-align-left justify-text\">D\u00e8s l&rsquo;\u00e2ge de 14 ans, il travaille le bois et de nombreuses passions sont sources d&rsquo;inspiration pour la cr\u00e9ation de ses meubles et sculptures. Tout au long de sa carri\u00e8re, il a suivi diff\u00e9rentes formations : cours de dessins \u00e0 l\u2019\u00c9cole Boulle, cours de photographie, de peinture, etc. qui alimentent sa pratique artistique.<\/p>\n\n\n\n<p class=\"has-text-align-left justify-text\">De menuisier-\u00e9b\u00e9niste \u00e0 restaurateur de meubles anciens, il r\u00e9alise de nombreuses cr\u00e9ations aussi diversifi\u00e9es les unes que les autres comme des fabrications d\u2019h\u00e9lices d\u2019avion en bois ou meubles d\u2019orf\u00e8vrerie. <\/p>\n\n\n\n<p class=\"has-text-align-left justify-text\">Apr\u00e8s une riche carri\u00e8re d&rsquo;activit\u00e9s professionnelles de cinquante ans, Michel consacre son quotidien dans son atelier \u00e0 cr\u00e9er des bas-reliefs, des colonnes, des boucliers et aussi du mobilier.<\/p>\n<\/div><\/div>\n\n\n<div class=\"wp-block-image is-resized\">\n<figure class=\"aligncenter size-large\"><img loading=\"lazy\" decoding=\"async\" width=\"1024\" height=\"662\" src=\"http:\/\/michelchoqueux.fr\/wp-content\/uploads\/2022\/05\/atelier-GP-1024x662.jpg\" alt=\"\" class=\"wp-image-99\" style=\"width:683px\" srcset=\"https:\/\/michelchoqueux.fr\/wp-content\/uploads\/2022\/05\/atelier-GP-1024x662.jpg 1024w, https:\/\/michelchoqueux.fr\/wp-content\/uploads\/2022\/05\/atelier-GP-300x194.jpg 300w, https:\/\/michelchoqueux.fr\/wp-content\/uploads\/2022\/05\/atelier-GP-768x496.jpg 768w, https:\/\/michelchoqueux.fr\/wp-content\/uploads\/2022\/05\/atelier-GP.jpg 1074w\" sizes=\"auto, (max-width: 1024px) 100vw, 1024px\" \/><figcaption class=\"wp-element-caption\"> Au premier plan, Fernand, Compagnon de France, dans son atelier (Oise, Picardie) avec ses ouvriers. Vers 1930. <\/figcaption><\/figure>\n<\/div>\n\n<div class=\"wp-block-image is-resized\">\n<figure class=\"aligncenter size-large\"><img loading=\"lazy\" decoding=\"async\" width=\"1024\" height=\"544\" src=\"http:\/\/michelchoqueux.fr\/wp-content\/uploads\/2025\/12\/IMG_3770-1024x544.jpg\" alt=\"\" class=\"wp-image-438\" style=\"width:683px\" srcset=\"https:\/\/michelchoqueux.fr\/wp-content\/uploads\/2025\/12\/IMG_3770-1024x544.jpg 1024w, https:\/\/michelchoqueux.fr\/wp-content\/uploads\/2025\/12\/IMG_3770-300x160.jpg 300w, https:\/\/michelchoqueux.fr\/wp-content\/uploads\/2025\/12\/IMG_3770-768x408.jpg 768w, https:\/\/michelchoqueux.fr\/wp-content\/uploads\/2025\/12\/IMG_3770.jpg 1200w\" sizes=\"auto, (max-width: 1024px) 100vw, 1024px\" \/><figcaption class=\"wp-element-caption\">Michel dans son atelier<\/figcaption><\/figure>\n<\/div>\n\n<div class=\"wp-block-image\">\n<figure class=\"aligncenter size-large is-resized\"><img loading=\"lazy\" decoding=\"async\" width=\"1024\" height=\"719\" src=\"http:\/\/michelchoqueux.fr\/wp-content\/uploads\/2023\/11\/atelierdenoise-1024x719.png\" alt=\"\" class=\"wp-image-364\" style=\"width:683px\" srcset=\"https:\/\/michelchoqueux.fr\/wp-content\/uploads\/2023\/11\/atelierdenoise-1024x719.png 1024w, https:\/\/michelchoqueux.fr\/wp-content\/uploads\/2023\/11\/atelierdenoise-300x211.png 300w, https:\/\/michelchoqueux.fr\/wp-content\/uploads\/2023\/11\/atelierdenoise-768x539.png 768w, https:\/\/michelchoqueux.fr\/wp-content\/uploads\/2023\/11\/atelierdenoise-1536x1079.png 1536w, https:\/\/michelchoqueux.fr\/wp-content\/uploads\/2023\/11\/atelierdenoise.png 1976w\" sizes=\"auto, (max-width: 1024px) 100vw, 1024px\" \/><figcaption class=\"wp-element-caption\">Michel et son p\u00e8re, Alain, dans leur atelier en 1978<\/figcaption><\/figure>\n<\/div>\n\n<div class=\"wp-block-image is-resized\">\n<figure class=\"aligncenter size-large\"><img loading=\"lazy\" decoding=\"async\" width=\"2560\" height=\"1601\" src=\"http:\/\/michelchoqueux.fr\/wp-content\/uploads\/2022\/06\/COLONNES_EXT-edited-scaled.jpg\" alt=\"\" class=\"wp-image-249\" style=\"width:683px\" srcset=\"https:\/\/michelchoqueux.fr\/wp-content\/uploads\/2022\/06\/COLONNES_EXT-edited-scaled.jpg 2560w, https:\/\/michelchoqueux.fr\/wp-content\/uploads\/2022\/06\/COLONNES_EXT-edited-300x188.jpg 300w, https:\/\/michelchoqueux.fr\/wp-content\/uploads\/2022\/06\/COLONNES_EXT-edited-1024x640.jpg 1024w, https:\/\/michelchoqueux.fr\/wp-content\/uploads\/2022\/06\/COLONNES_EXT-edited-768x480.jpg 768w, https:\/\/michelchoqueux.fr\/wp-content\/uploads\/2022\/06\/COLONNES_EXT-edited-1536x960.jpg 1536w, https:\/\/michelchoqueux.fr\/wp-content\/uploads\/2022\/06\/COLONNES_EXT-edited-2048x1280.jpg 2048w\" sizes=\"auto, (max-width: 2560px) 100vw, 2560px\" \/><figcaption class=\"wp-element-caption\">Jardin de colonnes. <a href=\"http:\/\/michelchoqueux.fr\/index.php\/contact\/\">Neuvy au Houlme<\/a> (Orne, Normandie).<\/figcaption><\/figure>\n<\/div>\n\n\n<center><iframe loading=\"lazy\" title=\"vimeo-player\" src=\"https:\/\/player.vimeo.com\/video\/715227319?h=eea39beb9a\" display: inline-block; margin: 0 auto;   width=\"683\" height=\"400px\" frameborder=\"0\" referrerpolicy=\"strict-origin-when-cross-origin\" allow=\"autoplay; fullscreen; picture-in-picture; clipboard-write; encrypted-media; web-share\"   allowfullscreen><\/iframe><\/center>\n\n\n\n<p><\/p>\n","protected":false},"excerpt":{"rendered":"<p>Menuisier-\u00e9b\u00e9niste de p\u00e8re en fils, Michel d\u00e9bute son apprentissage dans l&rsquo;atelier de son grand-p\u00e8re, Fernand en 1964 o\u00f9 son p\u00e8re Alain avait \u00e9galement appris le m\u00e9tier. D\u00e8s l&rsquo;\u00e2ge de 14 ans, il travaille le bois et de nombreuses passions sont sources d&rsquo;inspiration pour la cr\u00e9ation de ses meubles et sculptures. Tout au long de sa [&hellip;]<\/p>\n","protected":false},"author":1,"featured_media":26,"parent":0,"menu_order":0,"comment_status":"closed","ping_status":"closed","template":"","meta":{"footnotes":""},"class_list":["post-23","page","type-page","status-publish","has-post-thumbnail","hentry"],"yoast_head":"<!-- This site is optimized with the Yoast SEO plugin v27.4 - https:\/\/yoast.com\/product\/yoast-seo-wordpress\/ -->\n<title>Michel Choqueux - Scuplture et Mobiliers en bois - Neuvy au Houlme<\/title>\n<meta name=\"description\" content=\"Michel consacre son quotidien dans son atelier \u00e0 cr\u00e9er des bas-reliefs, des colonnes, des boucliers et aussi du mobilier.\" \/>\n<meta name=\"robots\" content=\"index, follow, max-snippet:-1, max-image-preview:large, max-video-preview:-1\" \/>\n<link rel=\"canonical\" href=\"https:\/\/michelchoqueux.fr\/\" \/>\n<meta property=\"og:locale\" content=\"fr_FR\" \/>\n<meta property=\"og:type\" content=\"article\" \/>\n<meta property=\"og:title\" content=\"Michel Choqueux - Sculptures\" \/>\n<meta property=\"og:description\" content=\"Les cr\u00e9ations de Michel Choqueux. Scultures et mobiliers en bois.\" \/>\n<meta property=\"og:url\" content=\"https:\/\/michelchoqueux.fr\/\" \/>\n<meta property=\"og:site_name\" content=\"Michel Choqueux\" \/>\n<meta property=\"article:modified_time\" content=\"2025-12-27T18:32:50+00:00\" \/>\n<meta property=\"og:image\" content=\"http:\/\/michelchoqueux.fr\/wp-content\/uploads\/2022\/04\/MG_2700.jpg\" \/>\n\t<meta property=\"og:image:width\" content=\"800\" \/>\n\t<meta property=\"og:image:height\" content=\"1200\" \/>\n\t<meta property=\"og:image:type\" content=\"image\/jpeg\" \/>\n<meta name=\"twitter:card\" content=\"summary_large_image\" \/>\n<meta name=\"twitter:title\" content=\"Michel Choqueux - Sculptures\" \/>\n<meta name=\"twitter:description\" content=\"Les cr\u00e9ations de Michel Choqueux. Scultures et mobiliers en bois.\" \/>\n<meta name=\"twitter:image\" content=\"https:\/\/michelchoqueux.fr\/wp-content\/uploads\/2022\/04\/MG_2328.jpg\" \/>\n<meta name=\"twitter:label1\" content=\"Dur\u00e9e de lecture estim\u00e9e\" \/>\n\t<meta name=\"twitter:data1\" content=\"3 minutes\" \/>\n<script type=\"application\/ld+json\" class=\"yoast-schema-graph\">{\"@context\":\"https:\\\/\\\/schema.org\",\"@graph\":[{\"@type\":\"WebPage\",\"@id\":\"https:\\\/\\\/michelchoqueux.fr\\\/\",\"url\":\"https:\\\/\\\/michelchoqueux.fr\\\/\",\"name\":\"Michel Choqueux - Scuplture et Mobiliers en bois - Neuvy au Houlme\",\"isPartOf\":{\"@id\":\"https:\\\/\\\/michelchoqueux.fr\\\/#website\"},\"primaryImageOfPage\":{\"@id\":\"https:\\\/\\\/michelchoqueux.fr\\\/#primaryimage\"},\"image\":{\"@id\":\"https:\\\/\\\/michelchoqueux.fr\\\/#primaryimage\"},\"thumbnailUrl\":\"https:\\\/\\\/michelchoqueux.fr\\\/wp-content\\\/uploads\\\/2022\\\/04\\\/MG_2700.jpg\",\"datePublished\":\"2022-04-18T11:24:36+00:00\",\"dateModified\":\"2025-12-27T18:32:50+00:00\",\"description\":\"Michel consacre son quotidien dans son atelier \u00e0 cr\u00e9er des bas-reliefs, des colonnes, des boucliers et aussi du mobilier.\",\"breadcrumb\":{\"@id\":\"https:\\\/\\\/michelchoqueux.fr\\\/#breadcrumb\"},\"inLanguage\":\"fr-FR\",\"potentialAction\":[{\"@type\":\"ReadAction\",\"target\":[\"https:\\\/\\\/michelchoqueux.fr\\\/\"]}]},{\"@type\":\"ImageObject\",\"inLanguage\":\"fr-FR\",\"@id\":\"https:\\\/\\\/michelchoqueux.fr\\\/#primaryimage\",\"url\":\"https:\\\/\\\/michelchoqueux.fr\\\/wp-content\\\/uploads\\\/2022\\\/04\\\/MG_2700.jpg\",\"contentUrl\":\"https:\\\/\\\/michelchoqueux.fr\\\/wp-content\\\/uploads\\\/2022\\\/04\\\/MG_2700.jpg\",\"width\":800,\"height\":1200},{\"@type\":\"BreadcrumbList\",\"@id\":\"https:\\\/\\\/michelchoqueux.fr\\\/#breadcrumb\",\"itemListElement\":[{\"@type\":\"ListItem\",\"position\":1,\"name\":\"Accueil\",\"item\":\"https:\\\/\\\/michelchoqueux.fr\\\/\"},{\"@type\":\"ListItem\",\"position\":2,\"name\":\"Accueil\"}]},{\"@type\":\"WebSite\",\"@id\":\"https:\\\/\\\/michelchoqueux.fr\\\/#website\",\"url\":\"https:\\\/\\\/michelchoqueux.fr\\\/\",\"name\":\"Michel Choqueux\",\"description\":\"Scultures Michel Choqueux\",\"publisher\":{\"@id\":\"https:\\\/\\\/michelchoqueux.fr\\\/#\\\/schema\\\/person\\\/9293b31bd2ceeeaad80a2e80e41b827f\"},\"potentialAction\":[{\"@type\":\"SearchAction\",\"target\":{\"@type\":\"EntryPoint\",\"urlTemplate\":\"https:\\\/\\\/michelchoqueux.fr\\\/?s={search_term_string}\"},\"query-input\":{\"@type\":\"PropertyValueSpecification\",\"valueRequired\":true,\"valueName\":\"search_term_string\"}}],\"inLanguage\":\"fr-FR\"},{\"@type\":[\"Person\",\"Organization\"],\"@id\":\"https:\\\/\\\/michelchoqueux.fr\\\/#\\\/schema\\\/person\\\/9293b31bd2ceeeaad80a2e80e41b827f\",\"name\":\"Michel Choqueux\",\"image\":{\"@type\":\"ImageObject\",\"inLanguage\":\"fr-FR\",\"@id\":\"http:\\\/\\\/michelchoqueux.fr\\\/wp-content\\\/uploads\\\/2022\\\/04\\\/MG_2328.jpg\",\"url\":\"http:\\\/\\\/michelchoqueux.fr\\\/wp-content\\\/uploads\\\/2022\\\/04\\\/MG_2328.jpg\",\"contentUrl\":\"http:\\\/\\\/michelchoqueux.fr\\\/wp-content\\\/uploads\\\/2022\\\/04\\\/MG_2328.jpg\",\"width\":800,\"height\":1200,\"caption\":\"Michel Choqueux\"},\"logo\":{\"@id\":\"http:\\\/\\\/michelchoqueux.fr\\\/wp-content\\\/uploads\\\/2022\\\/04\\\/MG_2328.jpg\"},\"sameAs\":[\"http:\\\/\\\/michelchoqueux.fr\"]}]}<\/script>\n<!-- \/ Yoast SEO plugin. -->","yoast_head_json":{"title":"Michel Choqueux - Scuplture et Mobiliers en bois - Neuvy au Houlme","description":"Michel consacre son quotidien dans son atelier \u00e0 cr\u00e9er des bas-reliefs, des colonnes, des boucliers et aussi du mobilier.","robots":{"index":"index","follow":"follow","max-snippet":"max-snippet:-1","max-image-preview":"max-image-preview:large","max-video-preview":"max-video-preview:-1"},"canonical":"https:\/\/michelchoqueux.fr\/","og_locale":"fr_FR","og_type":"article","og_title":"Michel Choqueux - Sculptures","og_description":"Les cr\u00e9ations de Michel Choqueux. Scultures et mobiliers en bois.","og_url":"https:\/\/michelchoqueux.fr\/","og_site_name":"Michel Choqueux","article_modified_time":"2025-12-27T18:32:50+00:00","og_image":[{"width":800,"height":1200,"url":"http:\/\/michelchoqueux.fr\/wp-content\/uploads\/2022\/04\/MG_2700.jpg","type":"image\/jpeg"}],"twitter_card":"summary_large_image","twitter_title":"Michel Choqueux - Sculptures","twitter_description":"Les cr\u00e9ations de Michel Choqueux. Scultures et mobiliers en bois.","twitter_image":"https:\/\/michelchoqueux.fr\/wp-content\/uploads\/2022\/04\/MG_2328.jpg","twitter_misc":{"Dur\u00e9e de lecture estim\u00e9e":"3 minutes"},"schema":{"@context":"https:\/\/schema.org","@graph":[{"@type":"WebPage","@id":"https:\/\/michelchoqueux.fr\/","url":"https:\/\/michelchoqueux.fr\/","name":"Michel Choqueux - Scuplture et Mobiliers en bois - Neuvy au Houlme","isPartOf":{"@id":"https:\/\/michelchoqueux.fr\/#website"},"primaryImageOfPage":{"@id":"https:\/\/michelchoqueux.fr\/#primaryimage"},"image":{"@id":"https:\/\/michelchoqueux.fr\/#primaryimage"},"thumbnailUrl":"https:\/\/michelchoqueux.fr\/wp-content\/uploads\/2022\/04\/MG_2700.jpg","datePublished":"2022-04-18T11:24:36+00:00","dateModified":"2025-12-27T18:32:50+00:00","description":"Michel consacre son quotidien dans son atelier \u00e0 cr\u00e9er des bas-reliefs, des colonnes, des boucliers et aussi du mobilier.","breadcrumb":{"@id":"https:\/\/michelchoqueux.fr\/#breadcrumb"},"inLanguage":"fr-FR","potentialAction":[{"@type":"ReadAction","target":["https:\/\/michelchoqueux.fr\/"]}]},{"@type":"ImageObject","inLanguage":"fr-FR","@id":"https:\/\/michelchoqueux.fr\/#primaryimage","url":"https:\/\/michelchoqueux.fr\/wp-content\/uploads\/2022\/04\/MG_2700.jpg","contentUrl":"https:\/\/michelchoqueux.fr\/wp-content\/uploads\/2022\/04\/MG_2700.jpg","width":800,"height":1200},{"@type":"BreadcrumbList","@id":"https:\/\/michelchoqueux.fr\/#breadcrumb","itemListElement":[{"@type":"ListItem","position":1,"name":"Accueil","item":"https:\/\/michelchoqueux.fr\/"},{"@type":"ListItem","position":2,"name":"Accueil"}]},{"@type":"WebSite","@id":"https:\/\/michelchoqueux.fr\/#website","url":"https:\/\/michelchoqueux.fr\/","name":"Michel Choqueux","description":"Scultures Michel Choqueux","publisher":{"@id":"https:\/\/michelchoqueux.fr\/#\/schema\/person\/9293b31bd2ceeeaad80a2e80e41b827f"},"potentialAction":[{"@type":"SearchAction","target":{"@type":"EntryPoint","urlTemplate":"https:\/\/michelchoqueux.fr\/?s={search_term_string}"},"query-input":{"@type":"PropertyValueSpecification","valueRequired":true,"valueName":"search_term_string"}}],"inLanguage":"fr-FR"},{"@type":["Person","Organization"],"@id":"https:\/\/michelchoqueux.fr\/#\/schema\/person\/9293b31bd2ceeeaad80a2e80e41b827f","name":"Michel Choqueux","image":{"@type":"ImageObject","inLanguage":"fr-FR","@id":"http:\/\/michelchoqueux.fr\/wp-content\/uploads\/2022\/04\/MG_2328.jpg","url":"http:\/\/michelchoqueux.fr\/wp-content\/uploads\/2022\/04\/MG_2328.jpg","contentUrl":"http:\/\/michelchoqueux.fr\/wp-content\/uploads\/2022\/04\/MG_2328.jpg","width":800,"height":1200,"caption":"Michel Choqueux"},"logo":{"@id":"http:\/\/michelchoqueux.fr\/wp-content\/uploads\/2022\/04\/MG_2328.jpg"},"sameAs":["http:\/\/michelchoqueux.fr"]}]}},"_links":{"self":[{"href":"https:\/\/michelchoqueux.fr\/index.php\/wp-json\/wp\/v2\/pages\/23","targetHints":{"allow":["GET"]}}],"collection":[{"href":"https:\/\/michelchoqueux.fr\/index.php\/wp-json\/wp\/v2\/pages"}],"about":[{"href":"https:\/\/michelchoqueux.fr\/index.php\/wp-json\/wp\/v2\/types\/page"}],"author":[{"embeddable":true,"href":"https:\/\/michelchoqueux.fr\/index.php\/wp-json\/wp\/v2\/users\/1"}],"replies":[{"embeddable":true,"href":"https:\/\/michelchoqueux.fr\/index.php\/wp-json\/wp\/v2\/comments?post=23"}],"version-history":[{"count":99,"href":"https:\/\/michelchoqueux.fr\/index.php\/wp-json\/wp\/v2\/pages\/23\/revisions"}],"predecessor-version":[{"id":510,"href":"https:\/\/michelchoqueux.fr\/index.php\/wp-json\/wp\/v2\/pages\/23\/revisions\/510"}],"wp:featuredmedia":[{"embeddable":true,"href":"https:\/\/michelchoqueux.fr\/index.php\/wp-json\/wp\/v2\/media\/26"}],"wp:attachment":[{"href":"https:\/\/michelchoqueux.fr\/index.php\/wp-json\/wp\/v2\/media?parent=23"}],"curies":[{"name":"wp","href":"https:\/\/api.w.org\/{rel}","templated":true}]}}